{"id":2710,"date":"2024-08-21T05:17:15","date_gmt":"2024-08-21T09:17:15","guid":{"rendered":"https:\/\/www.boldmovescoaching.ca\/about\/"},"modified":"2024-08-26T22:06:08","modified_gmt":"2024-08-27T02:06:08","slug":"a-propos","status":"publish","type":"page","link":"https:\/\/www.boldmovescoaching.ca\/fr\/a-propos\/","title":{"rendered":"\u00c0 propos"},"content":{"rendered":"\t\t<div data-elementor-type=\"wp-page\" data-elementor-id=\"2710\" class=\"elementor elementor-2710 elementor-2461\" data-elementor-post-type=\"page\">\n\t\t\t\t<div class=\"elementor-element elementor-element-6e6d250 e-grid e-con-boxed e-con e-child\" data-id=\"6e6d250\" data-element_type=\"container\" data-settings=\"{&quot;background_background&quot;:&quot;classic&quot;}\">\n\t\t\t\t\t<div class=\"e-con-inner\">\n\t\t<div class=\"elementor-element elementor-element-1f4bb79 e-con-full e-flex e-con e-child\" data-id=\"1f4bb79\" data-element_type=\"container\">\n\t\t\t\t<div class=\"elementor-element elementor-element-f70a5d0 elementor-widget elementor-widget-heading\" data-id=\"f70a5d0\" data-element_type=\"widget\" data-widget_type=\"heading.default\">\n\t\t\t\t<div class=\"elementor-widget-container\">\n\t\t\t\t\t<h3 class=\"elementor-heading-title elementor-size-default\">\u00c0 propos<\/h3>\t\t\t\t<\/div>\n\t\t\t\t<\/div>\n\t\t<div class=\"elementor-element elementor-element-e336321 e-con-full e-flex e-con e-child\" data-id=\"e336321\" data-element_type=\"container\">\n\t\t\t\t<div class=\"elementor-element elementor-element-c37cba4 reveal-text elementor-widget elementor-widget-heading\" data-id=\"c37cba4\" data-element_type=\"widget\" data-widget_type=\"heading.default\">\n\t\t\t\t<div class=\"elementor-widget-container\">\n\t\t\t\t\t<h2 class=\"elementor-heading-title elementor-size-default\">Andrew Beaulieu<\/h2>\t\t\t\t<\/div>\n\t\t\t\t<\/div>\n\t\t\t\t<\/div>\n\t\t\t\t<div class=\"elementor-element elementor-element-198d462 elementor-widget elementor-widget-heading\" data-id=\"198d462\" data-element_type=\"widget\" data-widget_type=\"heading.default\">\n\t\t\t\t<div class=\"elementor-widget-container\">\n\t\t\t\t\t<h3 class=\"elementor-heading-title elementor-size-default\">Andrew Beaulieu est le fondateur et le pr\u00e9sident de Bold Moves Coaching Consulting Inc.<\/h3>\t\t\t\t<\/div>\n\t\t\t\t<\/div>\n\t\t\t\t<div class=\"elementor-element elementor-element-8d1c4b7 elementor-widget elementor-widget-text-editor\" data-id=\"8d1c4b7\" data-element_type=\"widget\" data-widget_type=\"text-editor.default\">\n\t\t\t\t<div class=\"elementor-widget-container\">\n\t\t\t\t\t\t\t\t\t<p>Entrepreneur d\u00e9vou\u00e9, leader visionnaire et d\u00e9fenseur du bien-\u00eatre holistique, Andrew apporte plus de 16 ans d&rsquo;exp\u00e9rience en mati\u00e8re de leadership, de gestion d&rsquo;entreprise et de coaching. Son parcours, depuis la r\u00e9novation de propri\u00e9t\u00e9s r\u00e9sidentielles jusqu&rsquo;\u00e0 la direction d&rsquo;une entreprise g\u00e9n\u00e9rale reconnue au niveau national, lui a permis de comprendre en profondeur les d\u00e9fis et les r\u00e9compenses de l&rsquo;entrepreneuriat.<\/p>\t\t\t\t\t\t\t\t<\/div>\n\t\t\t\t<\/div>\n\t\t\t\t<\/div>\n\t\t<div class=\"elementor-element elementor-element-c718e9e e-con-full e-flex e-con e-child\" data-id=\"c718e9e\" data-element_type=\"container\" data-settings=\"{&quot;background_background&quot;:&quot;classic&quot;}\">\n\t\t\t\t<div class=\"elementor-element elementor-element-d96c6ed elementor-widget elementor-widget-spacer\" data-id=\"d96c6ed\" data-element_type=\"widget\" data-widget_type=\"spacer.default\">\n\t\t\t\t<div class=\"elementor-widget-container\">\n\t\t\t\t\t\t\t<div class=\"elementor-spacer\">\n\t\t\t<div class=\"elementor-spacer-inner\"><\/div>\n\t\t<\/div>\n\t\t\t\t\t\t<\/div>\n\t\t\t\t<\/div>\n\t\t\t\t<\/div>\n\t\t\t\t\t<\/div>\n\t\t\t\t<\/div>\n\t\t<div class=\"elementor-element elementor-element-90801f3 e-flex e-con-boxed e-con e-parent\" data-id=\"90801f3\" data-element_type=\"container\">\n\t\t\t\t\t<div class=\"e-con-inner\">\n\t\t<div class=\"elementor-element elementor-element-5c77757 e-con-full e-flex e-con e-child\" data-id=\"5c77757\" data-element_type=\"container\">\n\t\t\t\t<div class=\"elementor-element elementor-element-498704f elementor-widget elementor-widget-text-editor\" data-id=\"498704f\" data-element_type=\"widget\" data-widget_type=\"text-editor.default\">\n\t\t\t\t<div class=\"elementor-widget-container\">\n\t\t\t\t\t\t\t\t\t<p>Anim\u00e9 par une forte croyance en un leadership empathique et centr\u00e9 sur l&rsquo;humain, le travail d&rsquo;Andrew \u00e0 Bold Moves Coaching Consulting Inc. consiste \u00e0 aider les dirigeants et les organisations \u00e0 r\u00e9aliser leur plein potentiel. Son approche, fond\u00e9e sur les principes de la psychologie positive et du leadership au service des autres, a \u00e9t\u00e9 affin\u00e9e pendant qu&rsquo;il dirigeait et d\u00e9veloppait Dama Construction. Elle int\u00e8gre une vision strat\u00e9gique ax\u00e9e sur les valeurs, favorise la confiance gr\u00e2ce \u00e0 la vuln\u00e9rabilit\u00e9 et donne la priorit\u00e9 au bien-\u00eatre.<\/p><p>En tant que coach en leadership et conf\u00e9rencier certifi\u00e9 par l&rsquo;ICF, il se sp\u00e9cialise dans le travail avec les entrepreneurs et les chefs d&rsquo;entreprise pr\u00eats \u00e0 transformer leur style de leadership. Son coaching permet de favoriser une culture organisationnelle positive et d&rsquo;atteindre un succ\u00e8s durable dans leur vie professionnelle et personnelle. Con\u00e7us pour renforcer l&rsquo;autonomie, les programmes d&rsquo;Andrew inspirent les dirigeants \u00e0 donner le meilleur d&rsquo;eux-m\u00eames &#8211; en dirigeant avec authenticit\u00e9, int\u00e9grit\u00e9 et compassion.<\/p><p>En tant que d\u00e9fenseur passionn\u00e9 du d\u00e9veloppement personnel et du bien-\u00eatre, Andrew comprend que les organisations prosp\u00e8res sont b\u00e2ties sur le succ\u00e8s d&rsquo;individus prosp\u00e8res. Anim\u00e9 par le d\u00e9sir de cultiver une nouvelle g\u00e9n\u00e9ration de leaders, il s&rsquo;engage \u00e0 former des professionnels qui comprennent que la fa\u00e7on dont ils se donnent des priorit\u00e9s a un impact direct sur leur capacit\u00e9 \u00e0 diriger efficacement.<\/p><p>Inspir\u00e9 par ses deux filles et soutenu par sa femme aimante, Andrew est d\u00e9termin\u00e9 \u00e0 laisser un h\u00e9ritage positif et \u00e0 cr\u00e9er un avenir meilleur pour sa famille et sa communaut\u00e9.<\/p>\t\t\t\t\t\t\t\t<\/div>\n\t\t\t\t<\/div>\n\t\t\t\t<\/div>\n\t\t<div class=\"elementor-element elementor-element-4f01217 e-con-full e-flex e-con e-child\" data-id=\"4f01217\" data-element_type=\"container\" data-settings=\"{&quot;background_background&quot;:&quot;classic&quot;}\">\n\t\t\t\t<div class=\"elementor-element elementor-element-d3413a6 elementor-widget elementor-widget-spacer\" data-id=\"d3413a6\" data-element_type=\"widget\" data-widget_type=\"spacer.default\">\n\t\t\t\t<div class=\"elementor-widget-container\">\n\t\t\t\t\t\t\t<div class=\"elementor-spacer\">\n\t\t\t<div class=\"elementor-spacer-inner\"><\/div>\n\t\t<\/div>\n\t\t\t\t\t\t<\/div>\n\t\t\t\t<\/div>\n\t\t\t\t<\/div>\n\t\t\t\t\t<\/div>\n\t\t\t\t<\/div>\n\t\t<div class=\"elementor-element elementor-element-225f21f e-flex e-con-boxed e-con e-parent\" data-id=\"225f21f\" data-element_type=\"container\">\n\t\t\t\t\t<div class=\"e-con-inner\">\n\t\t\t\t<div class=\"elementor-element elementor-element-cca3946 elementor-widget-divider--view-line elementor-widget elementor-widget-divider\" data-id=\"cca3946\" data-element_type=\"widget\" data-widget_type=\"divider.default\">\n\t\t\t\t<div class=\"elementor-widget-container\">\n\t\t\t\t\t\t\t<div class=\"elementor-divider\">\n\t\t\t<span class=\"elementor-divider-separator\">\n\t\t\t\t\t\t<\/span>\n\t\t<\/div>\n\t\t\t\t\t\t<\/div>\n\t\t\t\t<\/div>\n\t\t\t\t\t<\/div>\n\t\t\t\t<\/div>\n\t\t<div class=\"elementor-element elementor-element-a61c2f0 e-flex e-con-boxed e-con e-parent\" data-id=\"a61c2f0\" data-element_type=\"container\">\n\t\t\t\t\t<div class=\"e-con-inner\">\n\t\t\t\t<div class=\"elementor-element elementor-element-61bd853 elementor-widget elementor-widget-heading\" data-id=\"61bd853\" data-element_type=\"widget\" data-widget_type=\"heading.default\">\n\t\t\t\t<div class=\"elementor-widget-container\">\n\t\t\t\t\t<h3 class=\"elementor-heading-title elementor-size-default\">Certifi\u00e9 par<\/h3>\t\t\t\t<\/div>\n\t\t\t\t<\/div>\n\t\t<div class=\"elementor-element elementor-element-bd46c2a e-con-full e-flex e-con e-child\" data-id=\"bd46c2a\" data-element_type=\"container\">\n\t\t\t\t<div class=\"elementor-element elementor-element-21db50a elementor-widget-mobile__width-initial elementor-widget elementor-widget-image\" data-id=\"21db50a\" data-element_type=\"widget\" data-widget_type=\"image.default\">\n\t\t\t\t<div class=\"elementor-widget-container\">\n\t\t\t\t\t\t\t\t\t\t\t\t\t\t\t\t<a href=\"https:\/\/coachingfederation.org\/\" target=\"_blank\">\n\t\t\t\t\t\t\t<img fetchpriority=\"high\" decoding=\"async\" width=\"800\" height=\"800\" src=\"https:\/\/www.boldmovescoaching.ca\/wp-content\/uploads\/2024\/06\/ICF-ACC-LOGO.webp\" class=\"elementor-animation-shrink attachment-large size-large wp-image-2112\" alt=\"\" srcset=\"https:\/\/www.boldmovescoaching.ca\/wp-content\/uploads\/2024\/06\/ICF-ACC-LOGO.webp 800w, https:\/\/www.boldmovescoaching.ca\/wp-content\/uploads\/2024\/06\/ICF-ACC-LOGO-300x300.webp 300w, https:\/\/www.boldmovescoaching.ca\/wp-content\/uploads\/2024\/06\/ICF-ACC-LOGO-150x150.webp 150w, https:\/\/www.boldmovescoaching.ca\/wp-content\/uploads\/2024\/06\/ICF-ACC-LOGO-768x768.webp 768w\" sizes=\"(max-width: 800px) 100vw, 800px\" \/>\t\t\t\t\t\t\t\t<\/a>\n\t\t\t\t\t\t\t\t\t\t\t\t\t\t\t<\/div>\n\t\t\t\t<\/div>\n\t\t\t\t<div class=\"elementor-element elementor-element-289ee16 elementor-widget-mobile__width-initial elementor-widget elementor-widget-image\" data-id=\"289ee16\" data-element_type=\"widget\" data-widget_type=\"image.default\">\n\t\t\t\t<div class=\"elementor-widget-container\">\n\t\t\t\t\t\t\t\t\t\t\t\t\t\t\t\t<a href=\"https:\/\/speakerscanada.com\/keynote-speaker\/andrew-beaulieu\/\" target=\"_blank\">\n\t\t\t\t\t\t\t<img decoding=\"async\" width=\"800\" height=\"585\" src=\"https:\/\/www.boldmovescoaching.ca\/wp-content\/uploads\/2024\/05\/speakers-bureau-of-canada-logo-andrew-beaulieu-1024x749.webp\" class=\"elementor-animation-shrink attachment-large size-large wp-image-2048\" alt=\"\" srcset=\"https:\/\/www.boldmovescoaching.ca\/wp-content\/uploads\/2024\/05\/speakers-bureau-of-canada-logo-andrew-beaulieu-1024x749.webp 1024w, https:\/\/www.boldmovescoaching.ca\/wp-content\/uploads\/2024\/05\/speakers-bureau-of-canada-logo-andrew-beaulieu-300x220.webp 300w, https:\/\/www.boldmovescoaching.ca\/wp-content\/uploads\/2024\/05\/speakers-bureau-of-canada-logo-andrew-beaulieu-768x562.webp 768w, https:\/\/www.boldmovescoaching.ca\/wp-content\/uploads\/2024\/05\/speakers-bureau-of-canada-logo-andrew-beaulieu-1536x1124.webp 1536w, https:\/\/www.boldmovescoaching.ca\/wp-content\/uploads\/2024\/05\/speakers-bureau-of-canada-logo-andrew-beaulieu.webp 1920w\" sizes=\"(max-width: 800px) 100vw, 800px\" \/>\t\t\t\t\t\t\t\t<\/a>\n\t\t\t\t\t\t\t\t\t\t\t\t\t\t\t<\/div>\n\t\t\t\t<\/div>\n\t\t\t\t<\/div>\n\t\t\t\t\t<\/div>\n\t\t\t\t<\/div>\n\t\t<div class=\"elementor-element elementor-element-124ae47 e-grid e-con-boxed e-con e-parent\" data-id=\"124ae47\" data-element_type=\"container\" data-settings=\"{&quot;background_background&quot;:&quot;classic&quot;}\">\n\t\t\t\t\t<div class=\"e-con-inner\">\n\t\t\t\t<div class=\"elementor-element elementor-element-6a243d7 elementor-hidden-tablet elementor-hidden-mobile_extra elementor-widget elementor-widget-image\" data-id=\"6a243d7\" data-element_type=\"widget\" data-widget_type=\"image.default\">\n\t\t\t\t<div class=\"elementor-widget-container\">\n\t\t\t\t\t\t\t\t\t\t\t\t\t\t\t<img decoding=\"async\" width=\"1567\" height=\"1920\" src=\"https:\/\/www.boldmovescoaching.ca\/wp-content\/uploads\/2024\/08\/Image_14-copy23.webp\" class=\"attachment-full size-full wp-image-2506\" alt=\"\" srcset=\"https:\/\/www.boldmovescoaching.ca\/wp-content\/uploads\/2024\/08\/Image_14-copy23.webp 1567w, https:\/\/www.boldmovescoaching.ca\/wp-content\/uploads\/2024\/08\/Image_14-copy23-245x300.webp 245w, https:\/\/www.boldmovescoaching.ca\/wp-content\/uploads\/2024\/08\/Image_14-copy23-836x1024.webp 836w, https:\/\/www.boldmovescoaching.ca\/wp-content\/uploads\/2024\/08\/Image_14-copy23-768x941.webp 768w, https:\/\/www.boldmovescoaching.ca\/wp-content\/uploads\/2024\/08\/Image_14-copy23-1254x1536.webp 1254w\" sizes=\"(max-width: 1567px) 100vw, 1567px\" \/>\t\t\t\t\t\t\t\t\t\t\t\t\t\t\t<\/div>\n\t\t\t\t<\/div>\n\t\t<div class=\"elementor-element elementor-element-cb284db e-con-full e-flex e-con e-child\" data-id=\"cb284db\" data-element_type=\"container\">\n\t\t\t\t<div class=\"elementor-element elementor-element-52aa6a9 elementor-widget elementor-widget-heading\" data-id=\"52aa6a9\" data-element_type=\"widget\" data-widget_type=\"heading.default\">\n\t\t\t\t<div class=\"elementor-widget-container\">\n\t\t\t\t\t<h3 class=\"elementor-heading-title elementor-size-default\">Engagements d'orateurs<\/h3>\t\t\t\t<\/div>\n\t\t\t\t<\/div>\n\t\t<div class=\"elementor-element elementor-element-fbf6d6c e-con-full e-flex e-con e-child\" data-id=\"fbf6d6c\" data-element_type=\"container\">\n\t\t\t\t<div class=\"elementor-element elementor-element-5bb2bbe reveal-text elementor-widget__width-inherit elementor-widget elementor-widget-heading\" data-id=\"5bb2bbe\" data-element_type=\"widget\" data-widget_type=\"heading.default\">\n\t\t\t\t<div class=\"elementor-widget-container\">\n\t\t\t\t\t<h2 class=\"elementor-heading-title elementor-size-default\">Andrew's Transformative Speaking pour le succ\u00e8s et la croissance<\/h2>\t\t\t\t<\/div>\n\t\t\t\t<\/div>\n\t\t\t\t<\/div>\n\t\t\t\t<div class=\"elementor-element elementor-element-272f410 elementor-widget elementor-widget-text-editor\" data-id=\"272f410\" data-element_type=\"widget\" data-widget_type=\"text-editor.default\">\n\t\t\t\t<div class=\"elementor-widget-container\">\n\t\t\t\t\t\t\t\t\t<p>At Bold Moves Coaching Consulting, we offer conference services designed to trigger self-discovery and empowerment. Our speakers deliver thought-provoking talks and workshops aimed at inspiring individuals to tap into their true potential and make their dreams a reality.<\/p><p>In every intervention, we create an encouraging platform that fosters courage and growth. Our practical strategies resonate with audiences and provide the tools they need to step out of their comfort zones. Join us in unleashing your unlimited potential.<\/p>\t\t\t\t\t\t\t\t<\/div>\n\t\t\t\t<\/div>\n\t\t\t\t<div class=\"elementor-element elementor-element-275228b elementor-invisible elementor-widget elementor-widget-button\" data-id=\"275228b\" data-element_type=\"widget\" data-settings=\"{&quot;_animation&quot;:&quot;fadeIn&quot;,&quot;_animation_delay&quot;:200}\" data-widget_type=\"button.default\">\n\t\t\t\t<div class=\"elementor-widget-container\">\n\t\t\t\t\t\t\t\t\t<div class=\"elementor-button-wrapper\">\n\t\t\t\t\t<a class=\"elementor-button elementor-button-link elementor-size-sm\" href=\"https:\/\/calendly.com\/boldmovescoaching\" target=\"_blank\">\n\t\t\t\t\t\t<span class=\"elementor-button-content-wrapper\">\n\t\t\t\t\t\t\t\t\t<span class=\"elementor-button-text\">R\u00c9SERVER UNE SESSION<\/span>\n\t\t\t\t\t<\/span>\n\t\t\t\t\t<\/a>\n\t\t\t\t<\/div>\n\t\t\t\t\t\t\t\t<\/div>\n\t\t\t\t<\/div>\n\t\t\t\t<\/div>\n\t\t\t\t\t<\/div>\n\t\t\t\t<\/div>\n\t\t\t\t<\/div>\n\t\t","protected":false},"excerpt":{"rendered":"<p>\u00c0 propos Andrew Beaulieu Andrew Beaulieu est le fondateur et le pr\u00e9sident de Bold Moves Coaching Consulting Inc. Entrepreneur d\u00e9vou\u00e9, leader visionnaire et d\u00e9fenseur du bien-\u00eatre holistique, Andrew apporte plus de 16 ans d&rsquo;exp\u00e9rience en mati\u00e8re de leadership, de gestion d&rsquo;entreprise et de coaching. Son parcours, depuis la r\u00e9novation de propri\u00e9t\u00e9s r\u00e9sidentielles jusqu&rsquo;\u00e0 la direction [&hellip;]<\/p>\n","protected":false},"author":1,"featured_media":0,"parent":0,"menu_order":0,"comment_status":"closed","ping_status":"closed","template":"","meta":{"footnotes":""},"class_list":["post-2710","page","type-page","status-publish","hentry"],"yoast_head":"<!-- This site is optimized with the Yoast SEO plugin v26.5 - https:\/\/yoast.com\/wordpress\/plugins\/seo\/ -->\n<title>\u00c0 propos - Bold Moves Coaching<\/title>\n<meta name=\"robots\" content=\"index, follow, max-snippet:-1, max-image-preview:large, max-video-preview:-1\" \/>\n<link rel=\"canonical\" href=\"https:\/\/www.boldmovescoaching.ca\/fr\/a-propos\/\" \/>\n<meta property=\"og:locale\" content=\"fr_FR\" \/>\n<meta property=\"og:type\" content=\"article\" \/>\n<meta property=\"og:title\" content=\"\u00c0 propos - Bold Moves Coaching\" \/>\n<meta property=\"og:description\" content=\"\u00c0 propos Andrew Beaulieu Andrew Beaulieu est le fondateur et le pr\u00e9sident de Bold Moves Coaching Consulting Inc. Entrepreneur d\u00e9vou\u00e9, leader visionnaire et d\u00e9fenseur du bien-\u00eatre holistique, Andrew apporte plus de 16 ans d&rsquo;exp\u00e9rience en mati\u00e8re de leadership, de gestion d&rsquo;entreprise et de coaching. Son parcours, depuis la r\u00e9novation de propri\u00e9t\u00e9s r\u00e9sidentielles jusqu&rsquo;\u00e0 la direction [&hellip;]\" \/>\n<meta property=\"og:url\" content=\"https:\/\/www.boldmovescoaching.ca\/fr\/a-propos\/\" \/>\n<meta property=\"og:site_name\" content=\"Bold Moves Coaching\" \/>\n<meta property=\"article:publisher\" content=\"https:\/\/www.facebook.com\/profile.php?id=61552406271084\" \/>\n<meta property=\"article:modified_time\" content=\"2024-08-27T02:06:08+00:00\" \/>\n<meta property=\"og:image\" content=\"https:\/\/www.boldmovescoaching.ca\/wp-content\/uploads\/2024\/06\/ICF-ACC-LOGO.webp\" \/>\n<meta name=\"twitter:card\" content=\"summary_large_image\" \/>\n<meta name=\"twitter:label1\" content=\"Dur\u00e9e de lecture estim\u00e9e\" \/>\n\t<meta name=\"twitter:data1\" content=\"3 minutes\" \/>\n<script type=\"application\/ld+json\" class=\"yoast-schema-graph\">{\"@context\":\"https:\/\/schema.org\",\"@graph\":[{\"@type\":\"WebPage\",\"@id\":\"https:\/\/www.boldmovescoaching.ca\/fr\/a-propos\/\",\"url\":\"https:\/\/www.boldmovescoaching.ca\/fr\/a-propos\/\",\"name\":\"\u00c0 propos - Bold Moves Coaching\",\"isPartOf\":{\"@id\":\"https:\/\/www.boldmovescoaching.ca\/#website\"},\"primaryImageOfPage\":{\"@id\":\"https:\/\/www.boldmovescoaching.ca\/fr\/a-propos\/#primaryimage\"},\"image\":{\"@id\":\"https:\/\/www.boldmovescoaching.ca\/fr\/a-propos\/#primaryimage\"},\"thumbnailUrl\":\"https:\/\/www.boldmovescoaching.ca\/wp-content\/uploads\/2024\/06\/ICF-ACC-LOGO.webp\",\"datePublished\":\"2024-08-21T09:17:15+00:00\",\"dateModified\":\"2024-08-27T02:06:08+00:00\",\"breadcrumb\":{\"@id\":\"https:\/\/www.boldmovescoaching.ca\/fr\/a-propos\/#breadcrumb\"},\"inLanguage\":\"fr-FR\",\"potentialAction\":[{\"@type\":\"ReadAction\",\"target\":[\"https:\/\/www.boldmovescoaching.ca\/fr\/a-propos\/\"]}]},{\"@type\":\"ImageObject\",\"inLanguage\":\"fr-FR\",\"@id\":\"https:\/\/www.boldmovescoaching.ca\/fr\/a-propos\/#primaryimage\",\"url\":\"https:\/\/www.boldmovescoaching.ca\/wp-content\/uploads\/2024\/06\/ICF-ACC-LOGO.webp\",\"contentUrl\":\"https:\/\/www.boldmovescoaching.ca\/wp-content\/uploads\/2024\/06\/ICF-ACC-LOGO.webp\"},{\"@type\":\"BreadcrumbList\",\"@id\":\"https:\/\/www.boldmovescoaching.ca\/fr\/a-propos\/#breadcrumb\",\"itemListElement\":[{\"@type\":\"ListItem\",\"position\":1,\"name\":\"Home\",\"item\":\"https:\/\/www.boldmovescoaching.ca\/\"},{\"@type\":\"ListItem\",\"position\":2,\"name\":\"\u00c0 propos\"}]},{\"@type\":\"WebSite\",\"@id\":\"https:\/\/www.boldmovescoaching.ca\/#website\",\"url\":\"https:\/\/www.boldmovescoaching.ca\/\",\"name\":\"Bold Moves Coaching\",\"description\":\"\",\"publisher\":{\"@id\":\"https:\/\/www.boldmovescoaching.ca\/#organization\"},\"potentialAction\":[{\"@type\":\"SearchAction\",\"target\":{\"@type\":\"EntryPoint\",\"urlTemplate\":\"https:\/\/www.boldmovescoaching.ca\/?s={search_term_string}\"},\"query-input\":{\"@type\":\"PropertyValueSpecification\",\"valueRequired\":true,\"valueName\":\"search_term_string\"}}],\"inLanguage\":\"fr-FR\"},{\"@type\":\"Organization\",\"@id\":\"https:\/\/www.boldmovescoaching.ca\/#organization\",\"name\":\"Bold Moves Coaching\",\"url\":\"https:\/\/www.boldmovescoaching.ca\/\",\"logo\":{\"@type\":\"ImageObject\",\"inLanguage\":\"fr-FR\",\"@id\":\"https:\/\/www.boldmovescoaching.ca\/#\/schema\/logo\/image\/\",\"url\":\"https:\/\/www.boldmovescoaching.ca\/wp-content\/uploads\/2024\/01\/LOGO-2-NAVY_ORANGE-copy.webp\",\"contentUrl\":\"https:\/\/www.boldmovescoaching.ca\/wp-content\/uploads\/2024\/01\/LOGO-2-NAVY_ORANGE-copy.webp\",\"width\":1920,\"height\":429,\"caption\":\"Bold Moves Coaching\"},\"image\":{\"@id\":\"https:\/\/www.boldmovescoaching.ca\/#\/schema\/logo\/image\/\"},\"sameAs\":[\"https:\/\/www.facebook.com\/profile.php?id=61552406271084\"]}]}<\/script>\n<!-- \/ Yoast SEO plugin. -->","yoast_head_json":{"title":"\u00c0 propos - Bold Moves Coaching","robots":{"index":"index","follow":"follow","max-snippet":"max-snippet:-1","max-image-preview":"max-image-preview:large","max-video-preview":"max-video-preview:-1"},"canonical":"https:\/\/www.boldmovescoaching.ca\/fr\/a-propos\/","og_locale":"fr_FR","og_type":"article","og_title":"\u00c0 propos - Bold Moves Coaching","og_description":"\u00c0 propos Andrew Beaulieu Andrew Beaulieu est le fondateur et le pr\u00e9sident de Bold Moves Coaching Consulting Inc. Entrepreneur d\u00e9vou\u00e9, leader visionnaire et d\u00e9fenseur du bien-\u00eatre holistique, Andrew apporte plus de 16 ans d&rsquo;exp\u00e9rience en mati\u00e8re de leadership, de gestion d&rsquo;entreprise et de coaching. Son parcours, depuis la r\u00e9novation de propri\u00e9t\u00e9s r\u00e9sidentielles jusqu&rsquo;\u00e0 la direction [&hellip;]","og_url":"https:\/\/www.boldmovescoaching.ca\/fr\/a-propos\/","og_site_name":"Bold Moves Coaching","article_publisher":"https:\/\/www.facebook.com\/profile.php?id=61552406271084","article_modified_time":"2024-08-27T02:06:08+00:00","og_image":[{"url":"https:\/\/www.boldmovescoaching.ca\/wp-content\/uploads\/2024\/06\/ICF-ACC-LOGO.webp","type":"","width":"","height":""}],"twitter_card":"summary_large_image","twitter_misc":{"Dur\u00e9e de lecture estim\u00e9e":"3 minutes"},"schema":{"@context":"https:\/\/schema.org","@graph":[{"@type":"WebPage","@id":"https:\/\/www.boldmovescoaching.ca\/fr\/a-propos\/","url":"https:\/\/www.boldmovescoaching.ca\/fr\/a-propos\/","name":"\u00c0 propos - Bold Moves Coaching","isPartOf":{"@id":"https:\/\/www.boldmovescoaching.ca\/#website"},"primaryImageOfPage":{"@id":"https:\/\/www.boldmovescoaching.ca\/fr\/a-propos\/#primaryimage"},"image":{"@id":"https:\/\/www.boldmovescoaching.ca\/fr\/a-propos\/#primaryimage"},"thumbnailUrl":"https:\/\/www.boldmovescoaching.ca\/wp-content\/uploads\/2024\/06\/ICF-ACC-LOGO.webp","datePublished":"2024-08-21T09:17:15+00:00","dateModified":"2024-08-27T02:06:08+00:00","breadcrumb":{"@id":"https:\/\/www.boldmovescoaching.ca\/fr\/a-propos\/#breadcrumb"},"inLanguage":"fr-FR","potentialAction":[{"@type":"ReadAction","target":["https:\/\/www.boldmovescoaching.ca\/fr\/a-propos\/"]}]},{"@type":"ImageObject","inLanguage":"fr-FR","@id":"https:\/\/www.boldmovescoaching.ca\/fr\/a-propos\/#primaryimage","url":"https:\/\/www.boldmovescoaching.ca\/wp-content\/uploads\/2024\/06\/ICF-ACC-LOGO.webp","contentUrl":"https:\/\/www.boldmovescoaching.ca\/wp-content\/uploads\/2024\/06\/ICF-ACC-LOGO.webp"},{"@type":"BreadcrumbList","@id":"https:\/\/www.boldmovescoaching.ca\/fr\/a-propos\/#breadcrumb","itemListElement":[{"@type":"ListItem","position":1,"name":"Home","item":"https:\/\/www.boldmovescoaching.ca\/"},{"@type":"ListItem","position":2,"name":"\u00c0 propos"}]},{"@type":"WebSite","@id":"https:\/\/www.boldmovescoaching.ca\/#website","url":"https:\/\/www.boldmovescoaching.ca\/","name":"Bold Moves Coaching","description":"","publisher":{"@id":"https:\/\/www.boldmovescoaching.ca\/#organization"},"potentialAction":[{"@type":"SearchAction","target":{"@type":"EntryPoint","urlTemplate":"https:\/\/www.boldmovescoaching.ca\/?s={search_term_string}"},"query-input":{"@type":"PropertyValueSpecification","valueRequired":true,"valueName":"search_term_string"}}],"inLanguage":"fr-FR"},{"@type":"Organization","@id":"https:\/\/www.boldmovescoaching.ca\/#organization","name":"Bold Moves Coaching","url":"https:\/\/www.boldmovescoaching.ca\/","logo":{"@type":"ImageObject","inLanguage":"fr-FR","@id":"https:\/\/www.boldmovescoaching.ca\/#\/schema\/logo\/image\/","url":"https:\/\/www.boldmovescoaching.ca\/wp-content\/uploads\/2024\/01\/LOGO-2-NAVY_ORANGE-copy.webp","contentUrl":"https:\/\/www.boldmovescoaching.ca\/wp-content\/uploads\/2024\/01\/LOGO-2-NAVY_ORANGE-copy.webp","width":1920,"height":429,"caption":"Bold Moves Coaching"},"image":{"@id":"https:\/\/www.boldmovescoaching.ca\/#\/schema\/logo\/image\/"},"sameAs":["https:\/\/www.facebook.com\/profile.php?id=61552406271084"]}]}},"_links":{"self":[{"href":"https:\/\/www.boldmovescoaching.ca\/fr\/wp-json\/wp\/v2\/pages\/2710","targetHints":{"allow":["GET"]}}],"collection":[{"href":"https:\/\/www.boldmovescoaching.ca\/fr\/wp-json\/wp\/v2\/pages"}],"about":[{"href":"https:\/\/www.boldmovescoaching.ca\/fr\/wp-json\/wp\/v2\/types\/page"}],"author":[{"embeddable":true,"href":"https:\/\/www.boldmovescoaching.ca\/fr\/wp-json\/wp\/v2\/users\/1"}],"replies":[{"embeddable":true,"href":"https:\/\/www.boldmovescoaching.ca\/fr\/wp-json\/wp\/v2\/comments?post=2710"}],"version-history":[{"count":0,"href":"https:\/\/www.boldmovescoaching.ca\/fr\/wp-json\/wp\/v2\/pages\/2710\/revisions"}],"wp:attachment":[{"href":"https:\/\/www.boldmovescoaching.ca\/fr\/wp-json\/wp\/v2\/media?parent=2710"}],"curies":[{"name":"wp","href":"https:\/\/api.w.org\/{rel}","templated":true}]}}